{"id":86,"date":"2020-04-10T01:09:47","date_gmt":"2020-04-10T01:09:47","guid":{"rendered":"https:\/\/legiaa.com\/?page_id=86"},"modified":"2020-12-10T21:04:52","modified_gmt":"2020-12-10T21:04:52","slug":"contact","status":"publish","type":"page","link":"https:\/\/legiaa.com\/index.php\/contact\/","title":{"rendered":"Contact"},"content":{"rendered":"\t\t<div data-elementor-type=\"wp-page\" data-elementor-id=\"86\" class=\"elementor elementor-86\">\n\t\t\t\t\t\t<section class=\"elementor-section elementor-top-section elementor-element elementor-element-b042e14 elementor-section-boxed elementor-section-height-default elementor-section-height-default\" data-id=\"b042e14\" data-element_type=\"section\">\n\t\t\t\t\t\t<div class=\"elementor-container elementor-column-gap-default\">\n\t\t\t\t\t<div class=\"elementor-column elementor-col-100 elementor-top-column elementor-element elementor-element-1d8d03d\" data-id=\"1d8d03d\" data-element_type=\"column\">\n\t\t\t<div class=\"elementor-widget-wrap elementor-element-populated\">\n\t\t\t\t\t\t<div class=\"elementor-element elementor-element-d52ff0f elementor-arrows-position-inside elementor-pagination-position-outside elementor-widget elementor-widget-image-carousel\" data-id=\"d52ff0f\" data-element_type=\"widget\" data-settings=\"{&quot;slides_to_show&quot;:&quot;1&quot;,&quot;navigation&quot;:&quot;both&quot;,&quot;autoplay&quot;:&quot;yes&quot;,&quot;pause_on_hover&quot;:&quot;yes&quot;,&quot;pause_on_interaction&quot;:&quot;yes&quot;,&quot;autoplay_speed&quot;:5000,&quot;infinite&quot;:&quot;yes&quot;,&quot;effect&quot;:&quot;slide&quot;,&quot;speed&quot;:500}\" data-widget_type=\"image-carousel.default\">\n\t\t\t\t<div class=\"elementor-widget-container\">\n\t\t\t\t\t\t\t<div class=\"elementor-image-carousel-wrapper swiper\" role=\"region\" aria-roledescription=\"carousel\" aria-label=\"Image Carousel\" dir=\"ltr\">\n\t\t\t<div class=\"elementor-image-carousel swiper-wrapper\" aria-live=\"off\">\n\t\t\t\t\t\t\t\t<div class=\"swiper-slide\" role=\"group\" aria-roledescription=\"slide\" aria-label=\"1 of 4\"><figure class=\"swiper-slide-inner\"><img decoding=\"async\" class=\"swiper-slide-image\" src=\"https:\/\/legiaa.com\/wp-content\/uploads\/2020\/04\/7.jpg\" alt=\"7\" \/><figcaption class=\"elementor-image-carousel-caption\">soutient le d\u00e9veloppement<\/figcaption><\/figure><\/div><div class=\"swiper-slide\" role=\"group\" aria-roledescription=\"slide\" aria-label=\"2 of 4\"><figure class=\"swiper-slide-inner\"><img decoding=\"async\" class=\"swiper-slide-image\" src=\"https:\/\/legiaa.com\/wp-content\/uploads\/2020\/04\/6.jpg\" alt=\"6\" \/><figcaption class=\"elementor-image-carousel-caption\">participation \u00e0 des activit\u00e9s commerciales<\/figcaption><\/figure><\/div><div class=\"swiper-slide\" role=\"group\" aria-roledescription=\"slide\" aria-label=\"3 of 4\"><figure class=\"swiper-slide-inner\"><img decoding=\"async\" class=\"swiper-slide-image\" src=\"https:\/\/legiaa.com\/wp-content\/uploads\/2020\/04\/02.gif\" alt=\"2\" \/><figcaption class=\"elementor-image-carousel-caption\">promotion des liens commerciaux et \u00e9conomiques<\/figcaption><\/figure><\/div><div class=\"swiper-slide\" role=\"group\" aria-roledescription=\"slide\" aria-label=\"4 of 4\"><figure class=\"swiper-slide-inner\"><img decoding=\"async\" class=\"swiper-slide-image\" src=\"https:\/\/legiaa.com\/wp-content\/uploads\/2020\/04\/1.jpg\" alt=\"1\" \/><figcaption class=\"elementor-image-carousel-caption\">aide \u00e0 la recherche de financement<\/figcaption><\/figure><\/div>\t\t\t<\/div>\n\t\t\t\t\t\t\t\t\t\t\t\t<div class=\"elementor-swiper-button elementor-swiper-button-prev\" role=\"button\" tabindex=\"0\">\n\t\t\t\t\t\t<i aria-hidden=\"true\" class=\"eicon-chevron-left\"><\/i>\t\t\t\t\t<\/div>\n\t\t\t\t\t<div class=\"elementor-swiper-button elementor-swiper-button-next\" role=\"button\" tabindex=\"0\">\n\t\t\t\t\t\t<i aria-hidden=\"true\" class=\"eicon-chevron-right\"><\/i>\t\t\t\t\t<\/div>\n\t\t\t\t\n\t\t\t\t\t\t\t\t\t<div class=\"swiper-pagination\"><\/div>\n\t\t\t\t\t\t\t\t\t<\/div>\n\t\t\t\t\t\t<\/div>\n\t\t\t\t<\/div>\n\t\t\t\t\t<\/div>\n\t\t<\/div>\n\t\t\t\t\t<\/div>\n\t\t<\/section>\n\t\t\t\t<section class=\"elementor-section elementor-top-section elementor-element elementor-element-67d9138 elementor-section-boxed elementor-section-height-default elementor-section-height-default\" data-id=\"67d9138\" data-element_type=\"section\">\n\t\t\t\t\t\t<div class=\"elementor-container elementor-column-gap-default\">\n\t\t\t\t\t<div class=\"elementor-column elementor-col-100 elementor-top-column elementor-element elementor-element-1dc3af8\" data-id=\"1dc3af8\" data-element_type=\"column\">\n\t\t\t<div class=\"elementor-widget-wrap elementor-element-populated\">\n\t\t\t\t\t\t<div class=\"elementor-element elementor-element-5613c7c elementor-widget elementor-widget-heading\" data-id=\"5613c7c\" data-element_type=\"widget\" data-widget_type=\"heading.default\">\n\t\t\t\t<div class=\"elementor-widget-container\">\n\t\t\t\t\t<h2 class=\"elementor-heading-title elementor-size-default\"><h2 style=\"background-image: initial;background-position: initial;background-size: initial;background-repeat: initial;background-attachment: initial;border: 0px;margin: 10px 0px;padding: 5px 0px 3px;vertical-align: baseline;font-size: 24px;, sans-serif;line-height: 24px;white-space: normal\"><span style=\"background: transparent;border: 0px;font-style: inherit;font-weight: inherit;margin: 0px;padding: 0px;vertical-align: baseline\">Le Groupe Investissement Affaires Afrique<\/span><\/h2><\/h2>\t\t\t\t<\/div>\n\t\t\t\t<\/div>\n\t\t\t\t\t<\/div>\n\t\t<\/div>\n\t\t\t\t\t<\/div>\n\t\t<\/section>\n\t\t\t\t<section class=\"elementor-section elementor-top-section elementor-element elementor-element-74c77c7 elementor-section-boxed elementor-section-height-default elementor-section-height-default\" data-id=\"74c77c7\" data-element_type=\"section\">\n\t\t\t\t\t\t<div class=\"elementor-container elementor-column-gap-default\">\n\t\t\t\t\t<div class=\"elementor-column elementor-col-100 elementor-top-column elementor-element elementor-element-9820697\" data-id=\"9820697\" data-element_type=\"column\">\n\t\t\t<div class=\"elementor-widget-wrap elementor-element-populated\">\n\t\t\t\t\t\t<div class=\"elementor-element elementor-element-223a4b9 elementor-widget elementor-widget-text-editor\" data-id=\"223a4b9\" data-element_type=\"widget\" data-widget_type=\"text-editor.default\">\n\t\t\t\t<div class=\"elementor-widget-container\">\n\t\t\t\t\t\t\t\t\t<p>\u00a0<\/p><table style=\"border-collapse: collapse; width: 100%; height: 179px;\"><tbody><tr style=\"height: 25px;\"><td style=\"width: 50%; height: 25px;\">Contact<\/td><td style=\"width: 51.0101%; height: 25px;\">info@legiaa.com<\/td><\/tr><tr style=\"height: 103px;\"><td style=\"width: 50%; height: 103px;\">Address<\/td><td style=\"width: 51.0101%; height: 103px;\"><span class=\"contact-suburb\">Brossard<br \/><\/span><span class=\"contact-state\">Quebec<br \/><\/span><span class=\"contact-country\">Canada<\/span><\/td><\/tr><tr style=\"height: 51px;\"><td style=\"width: 50%; height: 51px;\">Phone <span class=\"jicons-icons\"><img decoding=\"async\" src=\"https:\/\/web.archive.org\/web\/20190425151015im_\/https:\/\/3nt.ca\/media\/contacts\/images\/con_tel.png\" alt=\"Phone: \" \/><\/span><\/td><td style=\"width: 51.0101%; height: 51px;\"><span class=\"contact-telephone\">1 (579) 881-7103<\/span><\/td><\/tr><\/tbody><\/table>\t\t\t\t\t\t\t\t<\/div>\n\t\t\t\t<\/div>\n\t\t\t\t\t<\/div>\n\t\t<\/div>\n\t\t\t\t\t<\/div>\n\t\t<\/section>\n\t\t\t\t<section class=\"elementor-section elementor-top-section elementor-element elementor-element-a61829e elementor-section-boxed elementor-section-height-default elementor-section-height-default\" data-id=\"a61829e\" data-element_type=\"section\">\n\t\t\t\t\t\t<div class=\"elementor-container elementor-column-gap-default\">\n\t\t\t\t\t<div class=\"elementor-column elementor-col-100 elementor-top-column elementor-element elementor-element-af3bd00\" data-id=\"af3bd00\" data-element_type=\"column\">\n\t\t\t<div class=\"elementor-widget-wrap elementor-element-populated\">\n\t\t\t\t\t\t<div class=\"elementor-element elementor-element-12b58a3 elementor-widget elementor-widget-image\" data-id=\"12b58a3\" data-element_type=\"widget\" data-widget_type=\"image.default\">\n\t\t\t\t<div class=\"elementor-widget-container\">\n\t\t\t\t\t\t\t\t\t\t\t\t\t\t\t<img decoding=\"async\" src=\"https:\/\/legiaa.com\/wp-content\/plugins\/elementor\/assets\/images\/placeholder.png\" title=\"\" alt=\"\" loading=\"lazy\" \/>\t\t\t\t\t\t\t\t\t\t\t\t\t\t\t<\/div>\n\t\t\t\t<\/div>\n\t\t\t\t\t<\/div>\n\t\t<\/div>\n\t\t\t\t\t<\/div>\n\t\t<\/section>\n\t\t\t\t<\/div>\n\t\t","protected":false},"excerpt":{"rendered":"<p>soutient le d\u00e9veloppement participation \u00e0 des activit\u00e9s commerciales promotion des liens commerciaux et \u00e9conomiques aide [&hellip;]<\/p>\n","protected":false},"author":1,"featured_media":0,"parent":0,"menu_order":0,"comment_status":"closed","ping_status":"closed","template":"","meta":{"ep_exclude_from_search":false,"footnotes":""},"class_list":["post-86","page","type-page","status-publish","hentry"],"_links":{"self":[{"href":"https:\/\/legiaa.com\/index.php\/wp-json\/wp\/v2\/pages\/86","targetHints":{"allow":["GET"]}}],"collection":[{"href":"https:\/\/legiaa.com\/index.php\/wp-json\/wp\/v2\/pages"}],"about":[{"href":"https:\/\/legiaa.com\/index.php\/wp-json\/wp\/v2\/types\/page"}],"author":[{"embeddable":true,"href":"https:\/\/legiaa.com\/index.php\/wp-json\/wp\/v2\/users\/1"}],"replies":[{"embeddable":true,"href":"https:\/\/legiaa.com\/index.php\/wp-json\/wp\/v2\/comments?post=86"}],"version-history":[{"count":5,"href":"https:\/\/legiaa.com\/index.php\/wp-json\/wp\/v2\/pages\/86\/revisions"}],"predecessor-version":[{"id":117,"href":"https:\/\/legiaa.com\/index.php\/wp-json\/wp\/v2\/pages\/86\/revisions\/117"}],"wp:attachment":[{"href":"https:\/\/legiaa.com\/index.php\/wp-json\/wp\/v2\/media?parent=86"}],"curies":[{"name":"wp","href":"https:\/\/api.w.org\/{rel}","templated":true}]}}