{"id":73,"date":"2020-04-10T00:51:18","date_gmt":"2020-04-10T00:51:18","guid":{"rendered":"https:\/\/legiaa.com\/?page_id=73"},"modified":"2020-06-11T18:40:55","modified_gmt":"2020-06-11T18:40:55","slug":"services","status":"publish","type":"page","link":"https:\/\/legiaa.com\/index.php\/services\/","title":{"rendered":"Services"},"content":{"rendered":"\t\t<div data-elementor-type=\"wp-page\" data-elementor-id=\"73\" class=\"elementor elementor-73\">\n\t\t\t\t\t\t<section class=\"elementor-section elementor-top-section elementor-element elementor-element-8a92e10 elementor-section-boxed elementor-section-height-default elementor-section-height-default\" data-id=\"8a92e10\" data-element_type=\"section\">\n\t\t\t\t\t\t<div class=\"elementor-container elementor-column-gap-default\">\n\t\t\t\t\t<div class=\"elementor-column elementor-col-100 elementor-top-column elementor-element elementor-element-a952041\" data-id=\"a952041\" data-element_type=\"column\">\n\t\t\t<div class=\"elementor-widget-wrap elementor-element-populated\">\n\t\t\t\t\t\t<div class=\"elementor-element elementor-element-b462e32 elementor-arrows-position-inside elementor-pagination-position-outside elementor-widget elementor-widget-image-carousel\" data-id=\"b462e32\" data-element_type=\"widget\" data-settings=\"{&quot;slides_to_show&quot;:&quot;1&quot;,&quot;navigation&quot;:&quot;both&quot;,&quot;autoplay&quot;:&quot;yes&quot;,&quot;pause_on_hover&quot;:&quot;yes&quot;,&quot;pause_on_interaction&quot;:&quot;yes&quot;,&quot;autoplay_speed&quot;:5000,&quot;infinite&quot;:&quot;yes&quot;,&quot;effect&quot;:&quot;slide&quot;,&quot;speed&quot;:500}\" data-widget_type=\"image-carousel.default\">\n\t\t\t\t<div class=\"elementor-widget-container\">\n\t\t\t\t\t\t\t<div class=\"elementor-image-carousel-wrapper swiper\" role=\"region\" aria-roledescription=\"carousel\" aria-label=\"Image Carousel\" dir=\"ltr\">\n\t\t\t<div class=\"elementor-image-carousel swiper-wrapper\" aria-live=\"off\">\n\t\t\t\t\t\t\t\t<div class=\"swiper-slide\" role=\"group\" aria-roledescription=\"slide\" aria-label=\"1 of 4\"><figure class=\"swiper-slide-inner\"><img decoding=\"async\" class=\"swiper-slide-image\" src=\"https:\/\/legiaa.com\/wp-content\/uploads\/2020\/04\/7.jpg\" alt=\"7\" \/><figcaption class=\"elementor-image-carousel-caption\">soutient le d\u00e9veloppement<\/figcaption><\/figure><\/div><div class=\"swiper-slide\" role=\"group\" aria-roledescription=\"slide\" aria-label=\"2 of 4\"><figure class=\"swiper-slide-inner\"><img decoding=\"async\" class=\"swiper-slide-image\" src=\"https:\/\/legiaa.com\/wp-content\/uploads\/2020\/04\/6.jpg\" alt=\"6\" \/><figcaption class=\"elementor-image-carousel-caption\">participation \u00e0 des activit\u00e9s commerciales<\/figcaption><\/figure><\/div><div class=\"swiper-slide\" role=\"group\" aria-roledescription=\"slide\" aria-label=\"3 of 4\"><figure class=\"swiper-slide-inner\"><img decoding=\"async\" class=\"swiper-slide-image\" src=\"https:\/\/legiaa.com\/wp-content\/uploads\/2020\/04\/02.gif\" alt=\"2\" \/><figcaption class=\"elementor-image-carousel-caption\">promotion des liens commerciaux et \u00e9conomiques<\/figcaption><\/figure><\/div><div class=\"swiper-slide\" role=\"group\" aria-roledescription=\"slide\" aria-label=\"4 of 4\"><figure class=\"swiper-slide-inner\"><img decoding=\"async\" class=\"swiper-slide-image\" src=\"https:\/\/legiaa.com\/wp-content\/uploads\/2020\/04\/1.jpg\" alt=\"1\" \/><figcaption class=\"elementor-image-carousel-caption\">aide \u00e0 la recherche de financement<\/figcaption><\/figure><\/div>\t\t\t<\/div>\n\t\t\t\t\t\t\t\t\t\t\t\t<div class=\"elementor-swiper-button elementor-swiper-button-prev\" role=\"button\" tabindex=\"0\">\n\t\t\t\t\t\t<i aria-hidden=\"true\" class=\"eicon-chevron-left\"><\/i>\t\t\t\t\t<\/div>\n\t\t\t\t\t<div class=\"elementor-swiper-button elementor-swiper-button-next\" role=\"button\" tabindex=\"0\">\n\t\t\t\t\t\t<i aria-hidden=\"true\" class=\"eicon-chevron-right\"><\/i>\t\t\t\t\t<\/div>\n\t\t\t\t\n\t\t\t\t\t\t\t\t\t<div class=\"swiper-pagination\"><\/div>\n\t\t\t\t\t\t\t\t\t<\/div>\n\t\t\t\t\t\t<\/div>\n\t\t\t\t<\/div>\n\t\t\t\t\t<\/div>\n\t\t<\/div>\n\t\t\t\t\t<\/div>\n\t\t<\/section>\n\t\t\t\t<section class=\"elementor-section elementor-top-section elementor-element elementor-element-a0990d2 elementor-section-boxed elementor-section-height-default elementor-section-height-default\" data-id=\"a0990d2\" data-element_type=\"section\">\n\t\t\t\t\t\t<div class=\"elementor-container elementor-column-gap-default\">\n\t\t\t\t\t<div class=\"elementor-column elementor-col-100 elementor-top-column elementor-element elementor-element-884c15d\" data-id=\"884c15d\" data-element_type=\"column\">\n\t\t\t<div class=\"elementor-widget-wrap elementor-element-populated\">\n\t\t\t\t\t\t<div class=\"elementor-element elementor-element-a8b00cf elementor-widget elementor-widget-text-editor\" data-id=\"a8b00cf\" data-element_type=\"widget\" data-widget_type=\"text-editor.default\">\n\t\t\t\t<div class=\"elementor-widget-container\">\n\t\t\t\t\t\t\t\t\t<div class=\"page-header\"><h2><a href=\"https:\/\/3nt.ca\/index.php\/services\/\">SERVICES<\/a><\/h2><\/div><p>Si vous avez besoin de liquidit\u00e9s pour financer vos projets, plusieurs options s\u2019offrent \u00e0 vous : banques, institutions sp\u00e9cialis\u00e9es dans le financement, financement et garantie de pr\u00eat par des institutions d\u2019Investissement international et national, etc.\u00a0<span id=\"cloak9836\"><a href=\"mailto:info@legiaa.com?Subject=financement\" target=\"_top\">Contactez-nous<\/a><\/span>\u00a0pour plus d&#8217;information sur les disponibilit\u00e9s de financement.<\/p><ol><li>Nous vous aidons \u00e0 choisir la meilleure solution de pr\u00e9financement selon votre situation particuli\u00e8re<\/li><li>Nous pr\u00e9parons les descriptions technologiques requises pour les besoins du pr\u00e9financement<\/li><li>Nous pouvons vous recommander \u00e0 nos partenaires sp\u00e9cialis\u00e9s dans le financement<\/li><\/ol>\t\t\t\t\t\t\t\t<\/div>\n\t\t\t\t<\/div>\n\t\t\t\t\t<\/div>\n\t\t<\/div>\n\t\t\t\t\t<\/div>\n\t\t<\/section>\n\t\t\t\t<\/div>\n\t\t","protected":false},"excerpt":{"rendered":"<p>soutient le d\u00e9veloppement participation \u00e0 des activit\u00e9s commerciales promotion des liens commerciaux et \u00e9conomiques aide [&hellip;]<\/p>\n","protected":false},"author":1,"featured_media":0,"parent":0,"menu_order":0,"comment_status":"closed","ping_status":"closed","template":"","meta":{"ep_exclude_from_search":false,"footnotes":""},"class_list":["post-73","page","type-page","status-publish","hentry"],"_links":{"self":[{"href":"https:\/\/legiaa.com\/index.php\/wp-json\/wp\/v2\/pages\/73","targetHints":{"allow":["GET"]}}],"collection":[{"href":"https:\/\/legiaa.com\/index.php\/wp-json\/wp\/v2\/pages"}],"about":[{"href":"https:\/\/legiaa.com\/index.php\/wp-json\/wp\/v2\/types\/page"}],"author":[{"embeddable":true,"href":"https:\/\/legiaa.com\/index.php\/wp-json\/wp\/v2\/users\/1"}],"replies":[{"embeddable":true,"href":"https:\/\/legiaa.com\/index.php\/wp-json\/wp\/v2\/comments?post=73"}],"version-history":[{"count":5,"href":"https:\/\/legiaa.com\/index.php\/wp-json\/wp\/v2\/pages\/73\/revisions"}],"predecessor-version":[{"id":108,"href":"https:\/\/legiaa.com\/index.php\/wp-json\/wp\/v2\/pages\/73\/revisions\/108"}],"wp:attachment":[{"href":"https:\/\/legiaa.com\/index.php\/wp-json\/wp\/v2\/media?parent=73"}],"curies":[{"name":"wp","href":"https:\/\/api.w.org\/{rel}","templated":true}]}}